{"id":61,"date":"2019-10-22T11:49:39","date_gmt":"2019-10-22T11:49:39","guid":{"rendered":"https:\/\/startup.anabilim.k12.tr\/?page_id=61"},"modified":"2025-02-21T15:21:55","modified_gmt":"2025-02-21T15:21:55","slug":"program","status":"publish","type":"page","link":"https:\/\/startup.anabilim.k12.tr\/?page_id=61","title":{"rendered":"Program"},"content":{"rendered":"\t\t<div data-elementor-type=\"wp-page\" data-elementor-id=\"61\" class=\"elementor elementor-61\" data-elementor-settings=\"[]\">\n\t\t\t\t\t\t<div class=\"elementor-inner\">\n\t\t\t\t\t\t\t<div class=\"elementor-section-wrap\">\n\t\t\t\t\t\t\t<section class=\"elementor-section elementor-top-section elementor-element elementor-element-6fd25e6 elementor-section-boxed elementor-section-height-default elementor-section-height-default\" data-id=\"6fd25e6\" data-element_type=\"section\">\n\t\t\t\t\t\t<div class=\"elementor-container elementor-column-gap-default\">\n\t\t\t\t\t\t\t<div class=\"elementor-row\">\n\t\t\t\t\t<div class=\"elementor-column elementor-col-100 elementor-top-column elementor-element elementor-element-62c4e80\" data-id=\"62c4e80\" data-element_type=\"column\">\n\t\t\t<div class=\"elementor-column-wrap elementor-element-populated\">\n\t\t\t\t\t\t\t<div class=\"elementor-widget-wrap\">\n\t\t\t\t\t\t<div class=\"elementor-element elementor-element-207d925 elementor-tabs-view-horizontal elementor-widget elementor-widget-tabs\" data-id=\"207d925\" data-element_type=\"widget\" data-widget_type=\"tabs.default\">\n\t\t\t\t<div class=\"elementor-widget-container\">\n\t\t\t\t\t<div class=\"elementor-tabs\" role=\"tablist\">\n\t\t\t<div class=\"elementor-tabs-wrapper\">\n\t\t\t\t\t\t\t\t\t<div id=\"elementor-tab-title-3401\" class=\"elementor-tab-title elementor-tab-desktop-title\" data-tab=\"1\" role=\"tab\" aria-controls=\"elementor-tab-content-3401\"><a href=\"\">21 Mart Cuma<\/a><\/div>\n\t\t\t\t\t\t\t\t\t<div id=\"elementor-tab-title-3402\" class=\"elementor-tab-title elementor-tab-desktop-title\" data-tab=\"2\" role=\"tab\" aria-controls=\"elementor-tab-content-3402\"><a href=\"\">22 Mart  Cumartesi<\/a><\/div>\n\t\t\t\t\t\t\t\t\t<div id=\"elementor-tab-title-3403\" class=\"elementor-tab-title elementor-tab-desktop-title\" data-tab=\"3\" role=\"tab\" aria-controls=\"elementor-tab-content-3403\"><a href=\"\">23 Mart  Pazar<\/a><\/div>\n\t\t\t\t\t\t\t<\/div>\n\t\t\t<div class=\"elementor-tabs-content-wrapper\">\n\t\t\t\t\t\t\t\t\t<div class=\"elementor-tab-title elementor-tab-mobile-title\" data-tab=\"1\" role=\"tab\">21 Mart Cuma<\/div>\n\t\t\t\t\t<div id=\"elementor-tab-content-3401\" class=\"elementor-tab-content elementor-clearfix\" data-tab=\"1\" role=\"tabpanel\" aria-labelledby=\"elementor-tab-title-3401\"><p>15.30 : A\u00e7\u0131l\u0131\u015f Konu\u015fmalar\u0131<\/p><p><span style=\"color: var( --e-global-color-text ); font-family: var( --e-global-typography-text-font-family ), Sans-serif; font-weight: var( --e-global-typography-text-font-weight );\">15.45-16.00 : Is\u0131nma, Half Baked\u00a0<\/span><\/p><p>16.00-17.00 : Ekip Olu\u015fturmas\u0131 ve Fikir Payla\u015f\u0131m\u0131<\/p><p>17.00-17.15\u00a0 \u00c7ay \/\u0130kram\u00a0<\/p><p>17.30-19.00 : Lean Startup \/ Yal\u0131n Giri\u015fim E\u011fitimi\u00a0<\/p><p>19.00 : Kapan\u0131\u015f<\/p><\/div>\n\t\t\t\t\t\t\t\t\t<div class=\"elementor-tab-title elementor-tab-mobile-title\" data-tab=\"2\" role=\"tab\">22 Mart  Cumartesi<\/div>\n\t\t\t\t\t<div id=\"elementor-tab-content-3402\" class=\"elementor-tab-content elementor-clearfix\" data-tab=\"2\" role=\"tabpanel\" aria-labelledby=\"elementor-tab-title-3402\"><p>09.30 : \u00c7al\u0131\u015fmaya Ba\u015fla!<\/p><p>\u00d6\u011fle Yeme\u011fi Molas\u0131<\/p><p>13.45 : Mentorler \u0130\u00e7in E\u011fitim\u00a0<\/p><p>14.30\u00a0 : Ekiplerin Mentorlerle \u00c7al\u0131\u015fmas\u0131\u00a0<\/p><p>17.30 : Mentorlere Veda &#8211; \u00d6\u011frenci \u00c7al\u0131\u015fmalar\u0131n\u0131n Devam\u0131<\/p><p>18.30 Kapan\u0131\u015f<\/p><p>21.30: Kapan\u0131\u015f<\/p><\/div>\n\t\t\t\t\t\t\t\t\t<div class=\"elementor-tab-title elementor-tab-mobile-title\" data-tab=\"3\" role=\"tab\">23 Mart  Pazar<\/div>\n\t\t\t\t\t<div id=\"elementor-tab-content-3403\" class=\"elementor-tab-content elementor-clearfix\" data-tab=\"3\" role=\"tabpanel\" aria-labelledby=\"elementor-tab-title-3403\"><p>09.30 : \u00c7al\u0131\u015fmaya Ba\u015fla!<\/p><p>10.00 : Mentorlerle veya Ekip Halinde \u00c7al\u0131\u015fmaya Devam<\/p><p>11.00\u00a0 : Sunum Haz\u0131rl\u0131klar\u0131 i\u00e7in Stage-Co ile G\u00f6r\u00fc\u015fmelerin Ba\u015flamas\u0131<\/p><p>\u00d6\u011fle Yeme\u011fi Molas\u0131<\/p><p>15.00 : Sunumlar i\u00e7in Teknik Kontrol<\/p><p>16.30 : Juri Sunumlar\u0131n\u0131n Ba\u015flamas\u0131<\/p><p>18.15 : \u00d6d\u00fcl T\u00f6reni\u00a0 ve Kapan\u0131\u015f<\/p><p>18.30 : Kapan\u0131\u015f \ud83d\ude42<\/p><\/div>\n\t\t\t\t\t\t\t<\/div>\n\t\t<\/div>\n\t\t\t\t<\/div>\n\t\t\t\t<\/div>\n\t\t\t\t\t\t<\/div>\n\t\t\t\t\t<\/div>\n\t\t<\/div>\n\t\t\t\t\t\t\t\t<\/div>\n\t\t\t\t\t<\/div>\n\t\t<\/section>\n\t\t\t\t\t\t<\/div>\n\t\t\t\t\t\t<\/div>\n\t\t\t\t\t<\/div>\n\t\t","protected":false},"excerpt":{"rendered":"<p>21 Mart Cuma 22 Mart Cumartesi 23 Mart Pazar 21 Mart Cuma 15.30 : A\u00e7\u0131l\u0131\u015f Konu\u015fmalar\u0131 15.45-16.00 : Is\u0131nma, Half Baked\u00a0 16.00-17.00 : Ekip Olu\u015fturmas\u0131 ve Fikir Payla\u015f\u0131m\u0131 17.00-17.15\u00a0 \u00c7ay \/\u0130kram\u00a0 17.30-19.00 : Lean Startup \/ Yal\u0131n Giri\u015fim E\u011fitimi\u00a0 19.00 : Kapan\u0131\u015f 22 Mart Cumartesi 09.30 : \u00c7al\u0131\u015fmaya Ba\u015fla! \u00d6\u011fle Yeme\u011fi Molas\u0131 13.45 : Mentorler&#8230;<\/p>\n","protected":false},"author":1,"featured_media":0,"parent":0,"menu_order":0,"comment_status":"closed","ping_status":"closed","template":"elementor_header_footer","meta":{"footnotes":""},"class_list":["post-61","page","type-page","status-publish","hentry"],"_links":{"self":[{"href":"https:\/\/startup.anabilim.k12.tr\/index.php?rest_route=\/wp\/v2\/pages\/61","targetHints":{"allow":["GET"]}}],"collection":[{"href":"https:\/\/startup.anabilim.k12.tr\/index.php?rest_route=\/wp\/v2\/pages"}],"about":[{"href":"https:\/\/startup.anabilim.k12.tr\/index.php?rest_route=\/wp\/v2\/types\/page"}],"author":[{"embeddable":true,"href":"https:\/\/startup.anabilim.k12.tr\/index.php?rest_route=\/wp\/v2\/users\/1"}],"replies":[{"embeddable":true,"href":"https:\/\/startup.anabilim.k12.tr\/index.php?rest_route=%2Fwp%2Fv2%2Fcomments&post=61"}],"version-history":[{"count":78,"href":"https:\/\/startup.anabilim.k12.tr\/index.php?rest_route=\/wp\/v2\/pages\/61\/revisions"}],"predecessor-version":[{"id":706,"href":"https:\/\/startup.anabilim.k12.tr\/index.php?rest_route=\/wp\/v2\/pages\/61\/revisions\/706"}],"wp:attachment":[{"href":"https:\/\/startup.anabilim.k12.tr\/index.php?rest_route=%2Fwp%2Fv2%2Fmedia&parent=61"}],"curies":[{"name":"wp","href":"https:\/\/api.w.org\/{rel}","templated":true}]}}