{"id":66,"date":"2019-10-22T11:58:37","date_gmt":"2019-10-22T11:58:37","guid":{"rendered":"https:\/\/startup.anabilim.k12.tr\/?page_id=66"},"modified":"2025-03-08T06:27:57","modified_gmt":"2025-03-08T06:27:57","slug":"basvuru-sartlari","status":"publish","type":"page","link":"https:\/\/startup.anabilim.k12.tr\/?page_id=66","title":{"rendered":"Ba\u015fvuru \u015eartlar\u0131"},"content":{"rendered":"\t\t<div data-elementor-type=\"wp-page\" data-elementor-id=\"66\" class=\"elementor elementor-66\" data-elementor-settings=\"[]\">\n\t\t\t\t\t\t<div class=\"elementor-inner\">\n\t\t\t\t\t\t\t<div class=\"elementor-section-wrap\">\n\t\t\t\t\t\t\t<section class=\"elementor-section elementor-top-section elementor-element elementor-element-aa0a170 elementor-section-boxed elementor-section-height-default elementor-section-height-default\" data-id=\"aa0a170\" data-element_type=\"section\">\n\t\t\t\t\t\t<div class=\"elementor-container elementor-column-gap-default\">\n\t\t\t\t\t\t\t<div class=\"elementor-row\">\n\t\t\t\t\t<div class=\"elementor-column elementor-col-100 elementor-top-column elementor-element elementor-element-6527090\" data-id=\"6527090\" data-element_type=\"column\">\n\t\t\t<div class=\"elementor-column-wrap elementor-element-populated\">\n\t\t\t\t\t\t\t<div class=\"elementor-widget-wrap\">\n\t\t\t\t\t\t<div class=\"elementor-element elementor-element-1585613 elementor-widget elementor-widget-heading\" data-id=\"1585613\" data-element_type=\"widget\" data-widget_type=\"heading.default\">\n\t\t\t\t<div class=\"elementor-widget-container\">\n\t\t\t<h2 class=\"elementor-heading-title elementor-size-default\">Kimler Ba\u015fvurabilir?<\/h2>\t\t<\/div>\n\t\t\t\t<\/div>\n\t\t\t\t<div class=\"elementor-element elementor-element-0e968d3 elementor-widget elementor-widget-text-editor\" data-id=\"0e968d3\" data-element_type=\"widget\" data-widget_type=\"text-editor.default\">\n\t\t\t\t<div class=\"elementor-widget-container\">\n\t\t\t\t\t<div class=\"elementor-text-editor elementor-clearfix\"><p>\u00dclke genelinde lisede e\u011fitim hayat\u0131na devam eden kendinde giri\u015fimci ruhu hisseden herkes kat\u0131labilir. Startup Camp&#8217;e kat\u0131lmak i\u00e7in ister fikrinizle tek ba\u015f\u0131n\u0131za isterseniz ekip arkada\u015f\u0131n\u0131zla ba\u015fvurabilirsiniz. Olu\u015fturulan ekipler minimum 3 ki\u015fi, maksimum 5 ki\u015fi olmal\u0131d\u0131r. \u00d6nemli olan daha \u00f6nceden ger\u00e7ekle\u015ftirilmi\u015f ya da geli\u015ftirme a\u015famas\u0131nda olan bir fikirle yar\u0131\u015fmamak.<\/p><\/div>\n\t\t\t\t<\/div>\n\t\t\t\t<\/div>\n\t\t\t\t<div class=\"elementor-element elementor-element-80126ed elementor-widget elementor-widget-heading\" data-id=\"80126ed\" data-element_type=\"widget\" data-widget_type=\"heading.default\">\n\t\t\t\t<div class=\"elementor-widget-container\">\n\t\t\t<h2 class=\"elementor-heading-title elementor-size-default\">Ba\u015fvuru Bilgileri<\/h2>\t\t<\/div>\n\t\t\t\t<\/div>\n\t\t\t\t<div class=\"elementor-element elementor-element-711fb91 elementor-widget elementor-widget-text-editor\" data-id=\"711fb91\" data-element_type=\"widget\" data-widget_type=\"text-editor.default\">\n\t\t\t\t<div class=\"elementor-widget-container\">\n\t\t\t\t\t<div class=\"elementor-text-editor elementor-clearfix\"><p>\u00d6n kay\u0131t ba\u015fvurular\u0131n\u0131n al\u0131nmas\u0131 ve ba\u015fvurular\u0131n de\u011ferlendirilmesi:&nbsp; <b>20 \u015eubat &#8211; 15 Mart 2025<\/b><br>Ba\u015fvuru sonu\u00e7lar\u0131n\u0131n a\u00e7\u0131klanmas\u0131 ve kesin kay\u0131t: <b>&nbsp;12 Mart 2025<\/b><\/p><\/div>\n\t\t\t\t<\/div>\n\t\t\t\t<\/div>\n\t\t\t\t<div class=\"elementor-element elementor-element-27daae8 elementor-widget elementor-widget-text-editor\" data-id=\"27daae8\" data-element_type=\"widget\" data-widget_type=\"text-editor.default\">\n\t\t\t\t<div class=\"elementor-widget-container\">\n\t\t\t\t\t<div class=\"elementor-text-editor elementor-clearfix\"><p>\u2022T\u00fcm ba\u015fvurular startup.anabilim.k12.tr adresinden doldurulan form\u00a0 \u00fczerinden de\u011ferlendirilecektir.\u00a0<a href=\"https:\/\/forms.gle\/qDbR4eMtCDmNB6yNA\">Ba\u015fvuru formu i\u00e7in t\u0131klay\u0131n\u0131z<strong>.<\/strong><\/a><br \/>\u2022\u00d6n kay\u0131t formu doldurulduktan sonra \u00f6n kayd\u0131n yap\u0131ld\u0131\u011f\u0131na dair bilgilendirme e-postas\u0131 g\u00f6nderilir. Ba\u015fvurular organizasyon komitesi taraf\u0131ndan de\u011ferlendirilir.<br \/>Ba\u015fvuru sonu\u00e7lar\u0131 a\u00e7\u0131kland\u0131ktan sonra kat\u0131l\u0131mc\u0131ya kabul edildi\u011fine dair bilgilendirme e-postas\u0131 g\u00f6nderilir veya telefonla aran\u0131r.<\/p><p>Organizasyon \u00fccreti 500<span style=\"font-family: var( --e-global-typography-text-font-family ), Sans-serif; font-weight: var( --e-global-typography-text-font-weight );\">\u00a0TL dr. \u0130\u015f Bankas\u0131-TR50 0006 4000 0011 2260 9407 78 IBAN numaral\u0131 Esra \u00d6zdemir hesab\u0131na \u00f6deme yap\u0131lmal\u0131d\u0131r. Dekontlarda kat\u0131l\u0131mc\u0131 ad\u0131 soyad\u0131 mutlaka yaz\u0131lmal\u0131, startup@anabilim.k12.tr adresine e-posta g\u00f6nderilmelidir. \u00d6deme i\u015flemi tamamland\u0131ktan organizasyona kay\u0131t i\u015flemi ba\u015flat\u0131lacak ve kontenjana g\u00f6re ilgili ki\u015fiye kesin kay\u0131t i\u015fleminin yap\u0131ld\u0131\u011f\u0131 ile ilgili bilgi verilecektir. Kontenjan kalmamas\u0131 durumunda \u00fccret ayn\u0131 hesaba iade edilecektir.\u00a0<\/span><\/p><\/div>\n\t\t\t\t<\/div>\n\t\t\t\t<\/div>\n\t\t\t\t\t\t<\/div>\n\t\t\t\t\t<\/div>\n\t\t<\/div>\n\t\t\t\t\t\t\t\t<\/div>\n\t\t\t\t\t<\/div>\n\t\t<\/section>\n\t\t\t\t\t\t<\/div>\n\t\t\t\t\t\t<\/div>\n\t\t\t\t\t<\/div>\n\t\t","protected":false},"excerpt":{"rendered":"<p>Kimler Ba\u015fvurabilir? \u00dclke genelinde lisede e\u011fitim hayat\u0131na devam eden kendinde giri\u015fimci ruhu hisseden herkes kat\u0131labilir. Startup Camp&#8217;e kat\u0131lmak i\u00e7in ister fikrinizle tek ba\u015f\u0131n\u0131za isterseniz ekip arkada\u015f\u0131n\u0131zla ba\u015fvurabilirsiniz. Olu\u015fturulan ekipler minimum 3 ki\u015fi, maksimum 5 ki\u015fi olmal\u0131d\u0131r. \u00d6nemli olan daha \u00f6nceden ger\u00e7ekle\u015ftirilmi\u015f ya da geli\u015ftirme a\u015famas\u0131nda olan bir fikirle yar\u0131\u015fmamak. Ba\u015fvuru Bilgileri \u00d6n kay\u0131t ba\u015fvurular\u0131n\u0131n al\u0131nmas\u0131&#8230;<\/p>\n","protected":false},"author":1,"featured_media":0,"parent":0,"menu_order":0,"comment_status":"closed","ping_status":"closed","template":"elementor_header_footer","meta":{"footnotes":""},"class_list":["post-66","page","type-page","status-publish","hentry"],"_links":{"self":[{"href":"https:\/\/startup.anabilim.k12.tr\/index.php?rest_route=\/wp\/v2\/pages\/66","targetHints":{"allow":["GET"]}}],"collection":[{"href":"https:\/\/startup.anabilim.k12.tr\/index.php?rest_route=\/wp\/v2\/pages"}],"about":[{"href":"https:\/\/startup.anabilim.k12.tr\/index.php?rest_route=\/wp\/v2\/types\/page"}],"author":[{"embeddable":true,"href":"https:\/\/startup.anabilim.k12.tr\/index.php?rest_route=\/wp\/v2\/users\/1"}],"replies":[{"embeddable":true,"href":"https:\/\/startup.anabilim.k12.tr\/index.php?rest_route=%2Fwp%2Fv2%2Fcomments&post=66"}],"version-history":[{"count":102,"href":"https:\/\/startup.anabilim.k12.tr\/index.php?rest_route=\/wp\/v2\/pages\/66\/revisions"}],"predecessor-version":[{"id":715,"href":"https:\/\/startup.anabilim.k12.tr\/index.php?rest_route=\/wp\/v2\/pages\/66\/revisions\/715"}],"wp:attachment":[{"href":"https:\/\/startup.anabilim.k12.tr\/index.php?rest_route=%2Fwp%2Fv2%2Fmedia&parent=66"}],"curies":[{"name":"wp","href":"https:\/\/api.w.org\/{rel}","templated":true}]}}